{"id":11788,"date":"2017-04-06T09:58:36","date_gmt":"2017-04-06T09:58:36","guid":{"rendered":"http:\/\/memoriasantalucia162.cl\/wp\/?page_id=11788"},"modified":"2017-05-03T17:45:01","modified_gmt":"2017-05-03T17:45:01","slug":"sergio-alfredo-perez-molina","status":"publish","type":"page","link":"http:\/\/memoriasantalucia162.cl\/wp\/sergio-alfredo-perez-molina\/","title":{"rendered":"Sergio Alfredo P\u00e9rez Molina"},"content":{"rendered":"<p style=\"text-align: center;\"><img loading=\"lazy\" class=\" wp-image-11704 alignleft\" src=\"http:\/\/memoriasantalucia162.cl\/wp\/wp-content\/uploads\/2014\/11\/Sergio-Alfredo-P\u00e9rez-Molina.jpg\" alt=\"sergio-alfredo-perez-molina\" width=\"213\" height=\"267\" srcset=\"http:\/\/memoriasantalucia162.cl\/wp\/wp-content\/uploads\/2014\/11\/Sergio-Alfredo-P\u00e9rez-Molina-200x251.jpg 200w, http:\/\/memoriasantalucia162.cl\/wp\/wp-content\/uploads\/2014\/11\/Sergio-Alfredo-P\u00e9rez-Molina.jpg 208w\" sizes=\"(max-width: 213px) 100vw, 213px\" \/><\/p>\n<h1 style=\"text-align: center;\"><strong>Sergio Alfredo P\u00e9rez Molina<\/strong><\/h1>\n<h3 style=\"text-align: justify;\">Sergio Alfredo P\u00e9rez Molina, 31 a\u00f1os de edad, casado, un hijo, estudiante de pedagog\u00eda. Dirigente del Movimiento de Izquierda Revolucionaria, MIR. Es detenido por agentes de la DINA en su domicilio el 22 de septiembre del a\u00f1o 1974 y trasladado al cuartel Ollague de Jos\u00e9 Domingo Ca\u00f1as. El d\u00eda anterior hab\u00eda sido detenida su esposa Lumi Videla Moya a quien llevaron al mismo lugar de tortura y exterminio donde es asesinada en Noviembre de 1974, lanzando su cad\u00e1ver al interior de la embajada de Italia. El \u201cChico P\u00e9rez\u201d producto de las torturas y una herida a bala en su pierna estaba en malas condiciones de salud. Sergio desaparece del cuartel hacia fines de Septiembre. El sobreviviente Erik Zott relata que estando detenido en la ex Cl\u00ednica Clandestina Santa Luc\u00eda, hacia fines de 1975, un guardia narr\u00f3 que en la misma cama en que se encontraba \u00e9l, hab\u00eda muerto el \u201cChico P\u00e9rez\u201d. En una conferencia de prensa dada en el mes de Febrero de 1975 por 4 militantes del MIR, se se\u00f1ala que Sergio P\u00e9rez estaba muerto.<\/h3>\n<h6 style=\"text-align: right;\">Fuente: Procesos judiciales, Vicar\u00eda de la Solidaridad y memoriaviva.cl<\/h6>\n","protected":false},"excerpt":{"rendered":"<p>Sergio Alfredo P\u00e9rez Molina Sergio Alfredo P\u00e9rez Molina, 31 a\u00f1os de edad, casado, un hijo, estudiante de pedagog\u00eda. Dirigente del Movimiento de Izquierda Revolucionaria, MIR. Es detenido por agentes de la DINA en su domicilio el 22 de septiembre del a\u00f1o 1974 y trasladado al cuartel Ollague de Jos\u00e9 Domingo Ca\u00f1as. El d\u00eda anterior hab\u00eda [&hellip;]<\/p>\n","protected":false},"author":4,"featured_media":0,"parent":0,"menu_order":0,"comment_status":"closed","ping_status":"closed","template":"","meta":{"ngg_post_thumbnail":0},"_links":{"self":[{"href":"http:\/\/memoriasantalucia162.cl\/wp\/wp-json\/wp\/v2\/pages\/11788"}],"collection":[{"href":"http:\/\/memoriasantalucia162.cl\/wp\/wp-json\/wp\/v2\/pages"}],"about":[{"href":"http:\/\/memoriasantalucia162.cl\/wp\/wp-json\/wp\/v2\/types\/page"}],"author":[{"embeddable":true,"href":"http:\/\/memoriasantalucia162.cl\/wp\/wp-json\/wp\/v2\/users\/4"}],"replies":[{"embeddable":true,"href":"http:\/\/memoriasantalucia162.cl\/wp\/wp-json\/wp\/v2\/comments?post=11788"}],"version-history":[{"count":3,"href":"http:\/\/memoriasantalucia162.cl\/wp\/wp-json\/wp\/v2\/pages\/11788\/revisions"}],"predecessor-version":[{"id":12020,"href":"http:\/\/memoriasantalucia162.cl\/wp\/wp-json\/wp\/v2\/pages\/11788\/revisions\/12020"}],"wp:attachment":[{"href":"http:\/\/memoriasantalucia162.cl\/wp\/wp-json\/wp\/v2\/media?parent=11788"}],"curies":[{"name":"wp","href":"https:\/\/api.w.org\/{rel}","templated":true}]}}