{"id":11809,"date":"2017-04-25T20:47:39","date_gmt":"2017-04-25T20:47:39","guid":{"rendered":"http:\/\/memoriasantalucia162.cl\/wp\/?page_id=11809"},"modified":"2026-02-22T01:20:56","modified_gmt":"2026-02-22T05:20:56","slug":"directorio","status":"publish","type":"page","link":"http:\/\/memoriasantalucia162.cl\/wp\/directorio\/","title":{"rendered":"Directorio"},"content":{"rendered":"<div class=\"fusion-one-full fusion-layout-column fusion-column-last fusion-spacing-yes\" style=\"margin-top:0px;margin-bottom:20px;\"><div class=\"fusion-column-wrapper\"><div class=\"fusion-title title fusion-title-size-one\" style=\"margin-top:0px;margin-bottom:31px;\"><h1 class=\"title-heading-left\">Directorio<\/h1><div class=\"title-sep-container\"><div class=\"title-sep sep-double\"><\/div><\/div><\/div><h3>El Directorio de la Asociaci\u00f3n Sitio de Memoria Ex Cl\u00ednica Santa Luc\u00eda es representativo de sus bases, quienes eligen democr\u00e1ticamente a sus miembros en Asamblea cada cuatro a\u00f1os.<\/h3>\n<h3>La tarea principal del Directorio del Sitio de Memoria Ex Cl\u00ednica Santa Luc\u00eda es velar por el cumplimiento cabal de su Misi\u00f3n Institucional, definiendo para ello objetivos estrat\u00e9gicos que deben ser abordados durante sus labores, metas e indicadores incluidos en su Plan de Gesti\u00f3n Anual.<\/h3>\n<p>&nbsp;<\/p>\n<p><img loading=\"lazy\" class=\"aligncenter size-medium wp-image-13178\" src=\"http:\/\/memoriasantalucia162.cl\/wp\/wp-content\/uploads\/2022\/10\/SAM_0079_1-300x225.jpg\" alt=\"\" width=\"300\" height=\"225\" srcset=\"http:\/\/memoriasantalucia162.cl\/wp\/wp-content\/uploads\/2022\/10\/SAM_0079_1-200x150.jpg 200w, http:\/\/memoriasantalucia162.cl\/wp\/wp-content\/uploads\/2022\/10\/SAM_0079_1-300x225.jpg 300w, http:\/\/memoriasantalucia162.cl\/wp\/wp-content\/uploads\/2022\/10\/SAM_0079_1-400x300.jpg 400w, http:\/\/memoriasantalucia162.cl\/wp\/wp-content\/uploads\/2022\/10\/SAM_0079_1-600x450.jpg 600w, http:\/\/memoriasantalucia162.cl\/wp\/wp-content\/uploads\/2022\/10\/SAM_0079_1-768x576.jpg 768w, http:\/\/memoriasantalucia162.cl\/wp\/wp-content\/uploads\/2022\/10\/SAM_0079_1-800x600.jpg 800w, http:\/\/memoriasantalucia162.cl\/wp\/wp-content\/uploads\/2022\/10\/SAM_0079_1-1024x768.jpg 1024w, http:\/\/memoriasantalucia162.cl\/wp\/wp-content\/uploads\/2022\/10\/SAM_0079_1-1200x900.jpg 1200w, http:\/\/memoriasantalucia162.cl\/wp\/wp-content\/uploads\/2022\/10\/SAM_0079_1-1536x1152.jpg 1536w\" sizes=\"(max-width: 300px) 100vw, 300px\" \/><\/p>\n<h3><strong>Per\u00edodo 2024 &#8211; 2026<\/strong><\/h3>\n<hr>\n<blockquote>\n<h3>&nbsp;<\/h3>\n<h3>Presidente:<br \/>\nCristi\u00e1n Bahamonde<\/h3>\n<h3>Secretaria:<br \/>\nAline Petty<\/h3>\n<h3>Tesorero:<br \/>\nH\u00e9ctor Hidalgo<\/h3>\n<h3>Directores:<br \/>\nCamila Andreani (Educaci\u00f3n)<br \/>\nRoger Rivera(Biblioteca)<br \/>\nD\u00e9bora Salazar (Proyectos e Investigaci\u00f3n)<br \/>\nKaren Neira (Vinculaci\u00f3n Territorial)<\/h3>\n<p>&nbsp;<\/p>\n<h3>&nbsp;<\/h3>\n<\/blockquote>\n<hr>\n<h3>Contacto: memoriasantalucia@gmail.com<\/h3>\n<div class=\"fusion-clearfix\"><\/div><\/div><\/div><div class=\"fusion-clearfix\"><\/div>\n","protected":false},"excerpt":{"rendered":"","protected":false},"author":4,"featured_media":0,"parent":0,"menu_order":0,"comment_status":"closed","ping_status":"closed","template":"","meta":{"ngg_post_thumbnail":0},"_links":{"self":[{"href":"http:\/\/memoriasantalucia162.cl\/wp\/wp-json\/wp\/v2\/pages\/11809"}],"collection":[{"href":"http:\/\/memoriasantalucia162.cl\/wp\/wp-json\/wp\/v2\/pages"}],"about":[{"href":"http:\/\/memoriasantalucia162.cl\/wp\/wp-json\/wp\/v2\/types\/page"}],"author":[{"embeddable":true,"href":"http:\/\/memoriasantalucia162.cl\/wp\/wp-json\/wp\/v2\/users\/4"}],"replies":[{"embeddable":true,"href":"http:\/\/memoriasantalucia162.cl\/wp\/wp-json\/wp\/v2\/comments?post=11809"}],"version-history":[{"count":23,"href":"http:\/\/memoriasantalucia162.cl\/wp\/wp-json\/wp\/v2\/pages\/11809\/revisions"}],"predecessor-version":[{"id":13327,"href":"http:\/\/memoriasantalucia162.cl\/wp\/wp-json\/wp\/v2\/pages\/11809\/revisions\/13327"}],"wp:attachment":[{"href":"http:\/\/memoriasantalucia162.cl\/wp\/wp-json\/wp\/v2\/media?parent=11809"}],"curies":[{"name":"wp","href":"https:\/\/api.w.org\/{rel}","templated":true}]}}