{"id":12188,"date":"2017-07-10T01:17:51","date_gmt":"2017-07-10T01:17:51","guid":{"rendered":"http:\/\/memoriasantalucia162.cl\/wp\/?page_id=12188"},"modified":"2017-07-11T05:41:36","modified_gmt":"2017-07-11T05:41:36","slug":"espacios-de-memoria","status":"publish","type":"page","link":"http:\/\/memoriasantalucia162.cl\/wp\/espacios-de-memoria\/","title":{"rendered":"Espacios de Memoria"},"content":{"rendered":"<ul>\n<li>\n<h3><a href=\"http:\/\/www.coloniadignidad.cl\/\" target=\"_blank\">Asociaci\u00f3n por la Memoria y los Derechos Humanos Colonia Dignidad<\/a><\/h3>\n<\/li>\n<\/ul>\n<p>&nbsp;<\/p>\n<ul>\n<li>\n<h3 style=\"text-align: left;\"><a href=\"https:\/\/www.facebook.com\/Asociaci%C3%B3n-por-los-Derechos-Humanos-y-la-Memoria-Jos%C3%A9-Domingo-Ca%C3%B1as-1436665516629224\/\" target=\"_blank\">Asociaci\u00f3n por los Derechos Humanos y la Memoria Jos\u00e9 Domingo Ca\u00f1as<\/a><\/h3>\n<\/li>\n<\/ul>\n<p>&nbsp;<\/p>\n<ul>\n<li>\n<h3><a href=\"http:\/\/www.memorialonquen.org\/\" target=\"_blank\">Corporaci\u00f3n Memoria Lonqu\u00e9n<\/a><\/h3>\n<\/li>\n<\/ul>\n<p>&nbsp;<\/p>\n<ul>\n<li>\n<h3><a href=\"http:\/\/www.3y4alamos.cl\/\" target=\"_blank\">Corporaci\u00f3n 3 y 4 \u00c1lamos<\/a><\/h3>\n<\/li>\n<\/ul>\n<p>&nbsp;<\/p>\n<ul>\n<li>\n<h3>Corporaci\u00f3n 16 de Octubre de La Serena<\/h3>\n<\/li>\n<\/ul>\n<p>&nbsp;<\/p>\n<ul>\n<li>\n<h3><a href=\"https:\/\/memoriaprovidencia.wordpress.com\/\" target=\"_blank\">Corporaci\u00f3n Divina Providencia de Antofagasta<\/a><\/h3>\n<\/li>\n<\/ul>\n<p>&nbsp;<\/p>\n<ul>\n<li>\n<h3>&nbsp;<a href=\"http:\/\/josedomingocanas.org\/\" target=\"_blank\">Casa de Memoria Jos\u00e9 Domingo Ca\u00f1as<\/a><\/h3>\n<\/li>\n<\/ul>\n<p>&nbsp;<\/p>\n<ul>\n<li>\n<h3>&nbsp;<a href=\"http:\/\/villagrimaldi.cl\/\" target=\"_blank\">Corporaci\u00f3n Parque por la Paz Villa Grimaldi<\/a><\/h3>\n<\/li>\n<\/ul>\n<p>&nbsp;<\/p>\n<ul>\n<li>\n<h3><a href=\"http:\/\/www.estadionacionalmemorianacional.cl\/\" target=\"_blank\">Estadio Nacional Memoria Nacional Ex prisioneros Pol\u00edticos<\/a><\/h3>\n<\/li>\n<\/ul>\n<p>&nbsp;<\/p>\n<ul>\n<li>\n<h3>Memorial Nido 20<\/h3>\n<\/li>\n<\/ul>\n<p>&nbsp;<\/p>\n<ul>\n<li>\n<h3><a href=\"http:\/\/memorialdepaine.org\/\" target=\"_blank\">Memorial Paine<\/a><\/h3>\n<\/li>\n<\/ul>\n<p>&nbsp;<\/p>\n<ul>\n<li>\n<h3>Sitio Cuartel Borgo\u00f1o<\/h3>\n<\/li>\n<\/ul>\n<p>&nbsp;<\/p>\n<ul>\n<li>\n<h3><a href=\"http:\/\/www.londres38.cl\/1937\/w3-channel.html\" target=\"_blank\">Londres 38 espacio de memorias<\/a><\/h3>\n<\/li>\n<\/ul>\n<p>&nbsp;<\/p>\n<ul>\n<li>\n<h3><a href=\"https:\/\/ww3.museodelamemoria.cl\/\" target=\"_blank\">Museo de la Memoria y los Derechos Humanos<\/a><\/h3>\n<\/li>\n<\/ul>\n<p>&nbsp;<\/p>\n","protected":false},"excerpt":{"rendered":"<p>Asociaci\u00f3n por la Memoria y los Derechos Humanos Colonia Dignidad &nbsp; Asociaci\u00f3n por los Derechos Humanos y la Memoria Jos\u00e9 Domingo Ca\u00f1as &nbsp; Corporaci\u00f3n Memoria Lonqu\u00e9n &nbsp; Corporaci\u00f3n 3 y 4 \u00c1lamos &nbsp; Corporaci\u00f3n 16 de Octubre de La Serena &nbsp; Corporaci\u00f3n Divina Providencia de Antofagasta &nbsp; &nbsp;Casa de Memoria Jos\u00e9 Domingo Ca\u00f1as &nbsp; &nbsp;Corporaci\u00f3n [&hellip;]<\/p>\n","protected":false},"author":4,"featured_media":0,"parent":0,"menu_order":0,"comment_status":"closed","ping_status":"closed","template":"","meta":{"ngg_post_thumbnail":0},"_links":{"self":[{"href":"http:\/\/memoriasantalucia162.cl\/wp\/wp-json\/wp\/v2\/pages\/12188"}],"collection":[{"href":"http:\/\/memoriasantalucia162.cl\/wp\/wp-json\/wp\/v2\/pages"}],"about":[{"href":"http:\/\/memoriasantalucia162.cl\/wp\/wp-json\/wp\/v2\/types\/page"}],"author":[{"embeddable":true,"href":"http:\/\/memoriasantalucia162.cl\/wp\/wp-json\/wp\/v2\/users\/4"}],"replies":[{"embeddable":true,"href":"http:\/\/memoriasantalucia162.cl\/wp\/wp-json\/wp\/v2\/comments?post=12188"}],"version-history":[{"count":4,"href":"http:\/\/memoriasantalucia162.cl\/wp\/wp-json\/wp\/v2\/pages\/12188\/revisions"}],"predecessor-version":[{"id":12192,"href":"http:\/\/memoriasantalucia162.cl\/wp\/wp-json\/wp\/v2\/pages\/12188\/revisions\/12192"}],"wp:attachment":[{"href":"http:\/\/memoriasantalucia162.cl\/wp\/wp-json\/wp\/v2\/media?parent=12188"}],"curies":[{"name":"wp","href":"https:\/\/api.w.org\/{rel}","templated":true}]}}